{"id":175,"date":"2024-11-16T20:15:59","date_gmt":"2024-11-16T20:15:59","guid":{"rendered":"https:\/\/www.motokomerc.com\/?page_id=175"},"modified":"2024-11-16T20:15:59","modified_gmt":"2024-11-16T20:15:59","slug":"zakazite-sastanak","status":"publish","type":"page","link":"https:\/\/www.motokomerc.com\/index.php\/zakazite-sastanak\/","title":{"rendered":"Zaka\u017eite sastanak"},"content":{"rendered":"\n<p><\/p>\n\n\n<div class=\"wpforms-container wpforms-container-full wpforms-block wpforms-block-84dd4871-78e6-425f-be59-a0b3d066e840 wpforms-render-modern\" id=\"wpforms-170\"><form id=\"wpforms-form-170\" class=\"wpforms-validate wpforms-form wpforms-ajax-form\" data-formid=\"170\" method=\"post\" enctype=\"multipart\/form-data\" action=\"\/index.php\/wp-json\/wp\/v2\/pages\/175\" data-token=\"2ad9c393666a859de5ddd219c5ce5b84\" data-token-time=\"1778406283\"><noscript class=\"wpforms-error-noscript\">Please enable JavaScript in your browser to complete this form.<\/noscript><div id=\"wpforms-error-noscript\" style=\"display: none;\">Please enable JavaScript in your browser to complete this form.<\/div><div class=\"wpforms-field-container\"><div id=\"wpforms-170-field_1-container\" class=\"wpforms-field wpforms-field-name\" data-field-id=\"1\"><label class=\"wpforms-field-label\" for=\"wpforms-170-field_1\">Ime i prezime <span class=\"wpforms-required-label\" aria-hidden=\"true\">*<\/span><\/label><input type=\"text\" id=\"wpforms-170-field_1\" class=\"wpforms-field-medium wpforms-field-required\" name=\"wpforms[fields][1]\" aria-errormessage=\"wpforms-170-field_1-error\" required><\/div><div id=\"wpforms-170-field_2-container\" class=\"wpforms-field wpforms-field-text\" data-field-id=\"2\"><label class=\"wpforms-field-label\" for=\"wpforms-170-field_2\">Kompanija<\/label><input type=\"text\" id=\"wpforms-170-field_2\" class=\"wpforms-field-medium\" name=\"wpforms[fields][2]\" aria-errormessage=\"wpforms-170-field_2-error\" aria-describedby=\"wpforms-170-field_2-description\" ><div id=\"wpforms-170-field_2-description\" class=\"wpforms-field-description\">Ukoliko nas kontaktirate kao fizi\u010dko lice, molimo Vas da presko\u010dite ovo polje. <\/div><\/div><div id=\"wpforms-170-field_4-container\" class=\"wpforms-field wpforms-field-text\" data-field-id=\"4\"><label class=\"wpforms-field-label\" for=\"wpforms-170-field_4\">PIB<\/label><input type=\"text\" id=\"wpforms-170-field_4\" class=\"wpforms-field-medium\" name=\"wpforms[fields][4]\" aria-errormessage=\"wpforms-170-field_4-error\" aria-describedby=\"wpforms-170-field_4-description\" ><div id=\"wpforms-170-field_4-description\" class=\"wpforms-field-description\">Ukoliko nas kontaktirate kao fizi\u010dko lice, molimo Vas da presko\u010dite ovo polje. <\/div><\/div>\t\t<div id=\"wpforms-170-field_3-container\"\n\t\t\tclass=\"wpforms-field wpforms-field-text\"\n\t\t\tdata-field-type=\"text\"\n\t\t\tdata-field-id=\"3\"\n\t\t\t>\n\t\t\t<label class=\"wpforms-field-label\" for=\"wpforms-170-field_3\" >kojima sastanka kompanija<\/label>\n\t\t\t<input type=\"text\" id=\"wpforms-170-field_3\" class=\"wpforms-field-medium\" name=\"wpforms[fields][3]\" >\n\t\t<\/div>\n\t\t<div id=\"wpforms-170-field_5-container\" class=\"wpforms-field wpforms-field-text\" data-field-id=\"5\"><label class=\"wpforms-field-label\" for=\"wpforms-170-field_5\">Funkcija<\/label><input type=\"text\" id=\"wpforms-170-field_5\" class=\"wpforms-field-medium\" name=\"wpforms[fields][5]\" aria-errormessage=\"wpforms-170-field_5-error\" aria-describedby=\"wpforms-170-field_5-description\" ><div id=\"wpforms-170-field_5-description\" class=\"wpforms-field-description\">Ukoliko nas kontaktirate kao fizi\u010dko lice, molimo Vas da presko\u010dite ovo polje. <\/div><\/div><div id=\"wpforms-170-field_6-container\" class=\"wpforms-field wpforms-field-email\" data-field-id=\"6\"><label class=\"wpforms-field-label\" for=\"wpforms-170-field_6\">Email <span class=\"wpforms-required-label\" aria-hidden=\"true\">*<\/span><\/label><input type=\"email\" id=\"wpforms-170-field_6\" class=\"wpforms-field-medium wpforms-field-required\" name=\"wpforms[fields][6]\" spellcheck=\"false\" aria-errormessage=\"wpforms-170-field_6-error\" required><\/div><div id=\"wpforms-170-field_8-container\" class=\"wpforms-field wpforms-field-text\" data-field-id=\"8\"><label class=\"wpforms-field-label\" for=\"wpforms-170-field_8\">Kontakt telefon <span class=\"wpforms-required-label\" aria-hidden=\"true\">*<\/span><\/label><input type=\"text\" id=\"wpforms-170-field_8\" class=\"wpforms-field-medium wpforms-field-required\" name=\"wpforms[fields][8]\" aria-errormessage=\"wpforms-170-field_8-error\" required><\/div><div id=\"wpforms-170-field_9-container\" class=\"wpforms-field wpforms-field-text\" data-field-id=\"9\"><label class=\"wpforms-field-label\" for=\"wpforms-170-field_9\">Predlo\u017eeni datum i vreme sastanka <span class=\"wpforms-required-label\" aria-hidden=\"true\">*<\/span><\/label><input type=\"text\" id=\"wpforms-170-field_9\" class=\"wpforms-field-medium wpforms-field-required\" name=\"wpforms[fields][9]\" aria-errormessage=\"wpforms-170-field_9-error\" required><\/div><div id=\"wpforms-170-field_10-container\" class=\"wpforms-field wpforms-field-textarea\" data-field-id=\"10\"><label class=\"wpforms-field-label\" for=\"wpforms-170-field_10\">Razlog sastanka  <span class=\"wpforms-required-label\" aria-hidden=\"true\">*<\/span><\/label><textarea id=\"wpforms-170-field_10\" class=\"wpforms-field-medium wpforms-field-required\" name=\"wpforms[fields][10]\" aria-errormessage=\"wpforms-170-field_10-error\" required><\/textarea><\/div><div id=\"wpforms-170-field_13-container\" class=\"wpforms-field wpforms-field-number-slider\" data-field-id=\"13\"><label class=\"wpforms-field-label\" for=\"wpforms-170-field_13\">Broj osoba sa kojima dolazite<\/label>\n<input\n\ttype=\"range\"\n\tid=\"wpforms-170-field_13\" class=\"wpforms-field-medium\" name=\"wpforms[fields][13]\" value=\"0\" aria-errormessage=\"wpforms-170-field_13-error\"\t\tmin=\"0\"\n\tmax=\"10\"\n\tstep=\"1\">\n\n<div class=\"wpforms-field-number-slider-hint\"\n\tdata-hint=\"Broj osoba sa kojima dolazim je: {value}\">\n\tBroj osoba sa kojima dolazim je: <b>0<\/b><\/div>\n<\/div><div id=\"wpforms-170-field_14-container\" class=\"wpforms-field wpforms-field-radio\" data-field-id=\"14\"><fieldset><legend class=\"wpforms-field-label\">Da li je ovo prvi sastanak sa Motokomerc timom ? <span class=\"wpforms-required-label\" aria-hidden=\"true\">*<\/span><\/legend><ul id=\"wpforms-170-field_14\" class=\"wpforms-field-required\"><li class=\"choice-1 depth-1\"><input type=\"radio\" id=\"wpforms-170-field_14_1\" name=\"wpforms[fields][14]\" value=\"Da\" aria-errormessage=\"wpforms-170-field_14_1-error\" required ><label class=\"wpforms-field-label-inline\" for=\"wpforms-170-field_14_1\">Da<\/label><\/li><li class=\"choice-2 depth-1\"><input type=\"radio\" id=\"wpforms-170-field_14_2\" name=\"wpforms[fields][14]\" value=\"Ne\" aria-errormessage=\"wpforms-170-field_14_2-error\" required ><label class=\"wpforms-field-label-inline\" for=\"wpforms-170-field_14_2\">Ne<\/label><\/li><\/ul><\/fieldset><\/div><div id=\"wpforms-170-field_15-container\" class=\"wpforms-field wpforms-field-radio\" data-field-id=\"15\"><fieldset><legend class=\"wpforms-field-label\">Na koji na\u010din \u017eelite da se sastanak odr\u017ei ? <span class=\"wpforms-required-label\" aria-hidden=\"true\">*<\/span><\/legend><ul id=\"wpforms-170-field_15\" class=\"wpforms-field-required\"><li class=\"choice-1 depth-1\"><input type=\"radio\" id=\"wpforms-170-field_15_1\" name=\"wpforms[fields][15]\" value=\"U\u017eivo, u na\u0161im prostorijama\" aria-errormessage=\"wpforms-170-field_15_1-error\" aria-describedby=\"wpforms-170-field_15-description\" required ><label class=\"wpforms-field-label-inline\" for=\"wpforms-170-field_15_1\">U\u017eivo, u na\u0161im prostorijama<\/label><\/li><li class=\"choice-2 depth-1\"><input type=\"radio\" id=\"wpforms-170-field_15_2\" name=\"wpforms[fields][15]\" value=\"Putem video linka\" aria-errormessage=\"wpforms-170-field_15_2-error\" aria-describedby=\"wpforms-170-field_15-description\" required ><label class=\"wpforms-field-label-inline\" for=\"wpforms-170-field_15_2\">Putem video linka<\/label><\/li><\/ul><div id=\"wpforms-170-field_15-description\" class=\"wpforms-field-description\">Ukoliko se odlu\u010dite za opciju sastanka putem viddeo linka, 20 minuta pre sastanka dobi\u0107ete kod za pristup na mail. Sastanke putem video linka odr\u017eavamo isklju\u010divo preko sistema koje mi koristimo. Ukoliko zakonski i tehni\u010dki uslovi to dozvoljavaju, sastanci \u0107e se snimati zvu\u010dno i vizuelno, o \u010demu \u0107ete biti obave\u0161teni pre samog po\u010detka. <\/div><\/fieldset><\/div><div id=\"wpforms-170-field_16-container\" class=\"wpforms-field wpforms-field-radio\" data-field-id=\"16\"><fieldset><legend class=\"wpforms-field-label\">Saglasan sam da kompanija Motokomerc prikuplja i obra\u0111uje moje li\u010dne podatke u svrhu marketinga i informisanja o novim de\u0161avanjima.  <span class=\"wpforms-required-label\" aria-hidden=\"true\">*<\/span><\/legend><ul id=\"wpforms-170-field_16\" class=\"wpforms-field-required\"><li class=\"choice-1 depth-1\"><input type=\"radio\" id=\"wpforms-170-field_16_1\" name=\"wpforms[fields][16]\" value=\"Saglasan sam\" aria-errormessage=\"wpforms-170-field_16_1-error\" required ><label class=\"wpforms-field-label-inline\" for=\"wpforms-170-field_16_1\">Saglasan sam<\/label><\/li><\/ul><\/fieldset><\/div><div id=\"wpforms-170-field_17-container\" class=\"wpforms-field wpforms-field-radio\" data-field-id=\"17\"><fieldset><legend class=\"wpforms-field-label\">Obave\u0161ten sam da podno\u0161enjem ove forme iskazujem isklju\u010divo interesovanje za sastanak. Dodatne informacije dobi\u0107u na linije komunikacije koje sam naveo u ovoj formi.  <span class=\"wpforms-required-label\" aria-hidden=\"true\">*<\/span><\/legend><ul id=\"wpforms-170-field_17\" class=\"wpforms-field-required\"><li class=\"choice-1 depth-1\"><input type=\"radio\" id=\"wpforms-170-field_17_1\" name=\"wpforms[fields][17]\" value=\"Obave\u0161ten sam\" aria-errormessage=\"wpforms-170-field_17_1-error\" required ><label class=\"wpforms-field-label-inline\" for=\"wpforms-170-field_17_1\">Obave\u0161ten sam<\/label><\/li><\/ul><\/fieldset><\/div><script>\n\t\t\t\t( function() {\n\t\t\t\t\tconst style = document.createElement( 'style' );\n\t\t\t\t\tstyle.appendChild( document.createTextNode( '#wpforms-170-field_3-container { position: absolute !important; overflow: hidden !important; display: inline !important; height: 1px !important; width: 1px !important; z-index: -1000 !important; padding: 0 !important; } #wpforms-170-field_3-container input { visibility: hidden; } #wpforms-conversational-form-page #wpforms-170-field_3-container label { counter-increment: none; }' ) );\n\t\t\t\t\tdocument.head.appendChild( style );\n\t\t\t\t\tdocument.currentScript?.remove();\n\t\t\t\t} )();\n\t\t\t<\/script><\/div><!-- .wpforms-field-container --><div class=\"wpforms-submit-container\" ><input type=\"hidden\" name=\"wpforms[id]\" value=\"170\"><input type=\"hidden\" name=\"page_title\" value=\"\"><input type=\"hidden\" name=\"page_url\" value=\"https:\/\/www.motokomerc.com\/index.php\/wp-json\/wp\/v2\/pages\/175\"><input type=\"hidden\" name=\"url_referer\" value=\"\"><button type=\"submit\" name=\"wpforms[submit]\" id=\"wpforms-submit-170\" class=\"wpforms-submit\" data-alt-text=\"Prosle\u0111ujem podatke na Motokomerc sistem...\" data-submit-text=\"Podnesi zahtev za sastanak\" aria-live=\"assertive\" value=\"wpforms-submit\">Podnesi zahtev za sastanak<\/button><img loading=\"lazy\" decoding=\"async\" src=\"https:\/\/www.motokomerc.com\/wp-content\/plugins\/wpforms-lite\/assets\/images\/submit-spin.svg\" class=\"wpforms-submit-spinner\" style=\"display: none;\" width=\"26\" height=\"26\" alt=\"Loading\"><\/div><\/form><\/div>  <!-- .wpforms-container -->","protected":false},"excerpt":{"rendered":"","protected":false},"author":1,"featured_media":0,"parent":0,"menu_order":0,"comment_status":"closed","ping_status":"closed","template":"","meta":{"footnotes":""},"folder":[],"class_list":["post-175","page","type-page","status-publish","hentry"],"_links":{"self":[{"href":"https:\/\/www.motokomerc.com\/index.php\/wp-json\/wp\/v2\/pages\/175","targetHints":{"allow":["GET"]}}],"collection":[{"href":"https:\/\/www.motokomerc.com\/index.php\/wp-json\/wp\/v2\/pages"}],"about":[{"href":"https:\/\/www.motokomerc.com\/index.php\/wp-json\/wp\/v2\/types\/page"}],"author":[{"embeddable":true,"href":"https:\/\/www.motokomerc.com\/index.php\/wp-json\/wp\/v2\/users\/1"}],"replies":[{"embeddable":true,"href":"https:\/\/www.motokomerc.com\/index.php\/wp-json\/wp\/v2\/comments?post=175"}],"version-history":[{"count":0,"href":"https:\/\/www.motokomerc.com\/index.php\/wp-json\/wp\/v2\/pages\/175\/revisions"}],"wp:attachment":[{"href":"https:\/\/www.motokomerc.com\/index.php\/wp-json\/wp\/v2\/media?parent=175"}],"wp:term":[{"taxonomy":"folder","embeddable":true,"href":"https:\/\/www.motokomerc.com\/index.php\/wp-json\/wp\/v2\/folder?post=175"}],"curies":[{"name":"wp","href":"https:\/\/api.w.org\/{rel}","templated":true}]}}