{"id":196,"date":"2024-11-18T14:55:00","date_gmt":"2024-11-18T14:55:00","guid":{"rendered":"https:\/\/www.motokomerc.com\/?page_id=196"},"modified":"2025-02-23T18:50:03","modified_gmt":"2025-02-23T18:50:03","slug":"podaci-za-identifikaciju","status":"publish","type":"page","link":"https:\/\/www.motokomerc.com\/index.php\/podaci-za-identifikaciju\/","title":{"rendered":"Podaci za identifikaciju"},"content":{"rendered":"\n<figure class=\"wp-block-table\"><table class=\"has-fixed-layout\"><tbody><tr><td>Pun naziv preduze\u0107a<\/td><td>Preduze\u0107e za proizvodnju, turizam, trgovinu, usluge i marketing ,,Motokomerc&#8221; d.o.o. Valjevo<\/td><\/tr><tr><td>Skra\u0107eni naziv<\/td><td>Motokomerc d.o.o.<\/td><\/tr><tr><td>Poreski identifikacioni broj (PIB)<\/td><td>101900130<\/td><\/tr><tr><td>Mati\u010dni broj<\/td><td>07858906<\/td><\/tr><tr><td>Sedi\u0161te<\/td><td>Rajkova\u010dka 21, 14000 Valjevo<\/td><\/tr><tr><td>Teku\u0107i ra\u010dun i naziv banke<\/td><td>265-3300310008400-30, Raiffeisen bank<\/td><\/tr><tr><td>Broj potvrde o izvr\u0161enom evidentiranju za PDV<\/td><td>131371884<\/td><\/tr><tr><td>\u0160ifra delatnosti<\/td><td>4520<\/td><\/tr><tr><td>Broj telefona<\/td><td>0143512615, 0143512615, 0143520601<\/td><\/tr><tr><td>E-mail<\/td><td>info@www.motokomerc.com<\/td><\/tr><\/tbody><\/table><\/figure>\n\n\n\n<p>Podaci a\u017eurirani dana 23.2.2025. u 19:49<\/p>\n","protected":false},"excerpt":{"rendered":"<p>Pun naziv preduze\u0107a Preduze\u0107e za proizvodnju, turizam, trgovinu, usluge i marketing ,,Motokomerc&#8221; d.o.o. Valjevo Skra\u0107eni naziv Motokomerc d.o.o. Poreski identifikacioni broj (PIB) 101900130 Mati\u010dni broj 07858906 Sedi\u0161te Rajkova\u010dka 21, 14000 Valjevo Teku\u0107i ra\u010dun i naziv banke 265-3300310008400-30, Raiffeisen bank Broj potvrde o izvr\u0161enom evidentiranju za PDV 131371884 \u0160ifra delatnosti 4520 Broj telefona 0143512615, 0143512615, 0143520601 [&hellip;]<\/p>\n","protected":false},"author":1,"featured_media":0,"parent":0,"menu_order":0,"comment_status":"closed","ping_status":"closed","template":"","meta":{"footnotes":""},"folder":[],"class_list":["post-196","page","type-page","status-publish","hentry"],"_links":{"self":[{"href":"https:\/\/www.motokomerc.com\/index.php\/wp-json\/wp\/v2\/pages\/196","targetHints":{"allow":["GET"]}}],"collection":[{"href":"https:\/\/www.motokomerc.com\/index.php\/wp-json\/wp\/v2\/pages"}],"about":[{"href":"https:\/\/www.motokomerc.com\/index.php\/wp-json\/wp\/v2\/types\/page"}],"author":[{"embeddable":true,"href":"https:\/\/www.motokomerc.com\/index.php\/wp-json\/wp\/v2\/users\/1"}],"replies":[{"embeddable":true,"href":"https:\/\/www.motokomerc.com\/index.php\/wp-json\/wp\/v2\/comments?post=196"}],"version-history":[{"count":0,"href":"https:\/\/www.motokomerc.com\/index.php\/wp-json\/wp\/v2\/pages\/196\/revisions"}],"wp:attachment":[{"href":"https:\/\/www.motokomerc.com\/index.php\/wp-json\/wp\/v2\/media?parent=196"}],"wp:term":[{"taxonomy":"folder","embeddable":true,"href":"https:\/\/www.motokomerc.com\/index.php\/wp-json\/wp\/v2\/folder?post=196"}],"curies":[{"name":"wp","href":"https:\/\/api.w.org\/{rel}","templated":true}]}}