{"id":210,"date":"2024-11-18T18:53:29","date_gmt":"2024-11-18T18:53:29","guid":{"rendered":"https:\/\/www.motokomerc.com\/?page_id=210"},"modified":"2024-11-18T19:50:51","modified_gmt":"2024-11-18T19:50:51","slug":"masinska-obrada","status":"publish","type":"page","link":"https:\/\/www.motokomerc.com\/index.php\/masinska-obrada\/","title":{"rendered":"Ma\u0161inska obrada"},"content":{"rendered":"\n<p>Dugogodi\u0161nje iskustvo, savremeni ma\u0161inski park, visoka stru\u010dnost garant su kvaliteta na\u0161ih usluga.<\/p>\n\n\n\n<p>Program ma\u0161inske obrade koja se vr\u0161i u Motokomercu:<br>-kompletna obrada blokova motora<br>-bru\u0161enje kolenastih vratila<br>-kompletna obrada glava motora<br>-hilznovanje blokova motora<br>-trnovanje blokova motora<br>-trnovanje ku\u0107i\u0161ta bregaste osovine<br>-obrada male i velike pesnice klipnja\u010de<br>-strugarske obrade<br>-obrade bru\u0161enja<\/p>\n\n\n\n<figure class=\"wp-block-image size-large\"><img loading=\"lazy\" decoding=\"async\" width=\"1024\" height=\"681\" src=\"https:\/\/www.motokomerc.com\/wp-content\/uploads\/2024\/11\/ART_6520-1024x681.jpg\" alt=\"\" class=\"wp-image-209\" srcset=\"https:\/\/www.motokomerc.com\/wp-content\/uploads\/2024\/11\/ART_6520-1024x681.jpg 1024w, https:\/\/www.motokomerc.com\/wp-content\/uploads\/2024\/11\/ART_6520-scaled-600x399.jpg 600w, https:\/\/www.motokomerc.com\/wp-content\/uploads\/2024\/11\/ART_6520-300x200.jpg 300w, https:\/\/www.motokomerc.com\/wp-content\/uploads\/2024\/11\/ART_6520-768x511.jpg 768w, https:\/\/www.motokomerc.com\/wp-content\/uploads\/2024\/11\/ART_6520-1536x1022.jpg 1536w, https:\/\/www.motokomerc.com\/wp-content\/uploads\/2024\/11\/ART_6520-2048x1363.jpg 2048w\" sizes=\"auto, (max-width: 1024px) 100vw, 1024px\" \/><\/figure>\n\n\n\n<figure class=\"wp-block-image size-large\"><img loading=\"lazy\" decoding=\"async\" width=\"1024\" height=\"681\" src=\"https:\/\/www.motokomerc.com\/wp-content\/uploads\/2024\/11\/ART_6303-1024x681.jpg\" alt=\"\" class=\"wp-image-207\" srcset=\"https:\/\/www.motokomerc.com\/wp-content\/uploads\/2024\/11\/ART_6303-1024x681.jpg 1024w, https:\/\/www.motokomerc.com\/wp-content\/uploads\/2024\/11\/ART_6303-scaled-600x399.jpg 600w, https:\/\/www.motokomerc.com\/wp-content\/uploads\/2024\/11\/ART_6303-300x200.jpg 300w, https:\/\/www.motokomerc.com\/wp-content\/uploads\/2024\/11\/ART_6303-768x511.jpg 768w, https:\/\/www.motokomerc.com\/wp-content\/uploads\/2024\/11\/ART_6303-1536x1022.jpg 1536w, https:\/\/www.motokomerc.com\/wp-content\/uploads\/2024\/11\/ART_6303-2048x1363.jpg 2048w\" sizes=\"auto, (max-width: 1024px) 100vw, 1024px\" \/><\/figure>\n\n\n\n<figure class=\"wp-block-image size-full\"><img loading=\"lazy\" decoding=\"async\" width=\"420\" height=\"420\" src=\"https:\/\/www.motokomerc.com\/wp-content\/uploads\/2024\/11\/IMG_3350.jpg\" alt=\"\" class=\"wp-image-214\" srcset=\"https:\/\/www.motokomerc.com\/wp-content\/uploads\/2024\/11\/IMG_3350.jpg 420w, https:\/\/www.motokomerc.com\/wp-content\/uploads\/2024\/11\/IMG_3350-300x300.jpg 300w, https:\/\/www.motokomerc.com\/wp-content\/uploads\/2024\/11\/IMG_3350-100x100.jpg 100w, https:\/\/www.motokomerc.com\/wp-content\/uploads\/2024\/11\/IMG_3350-150x150.jpg 150w\" sizes=\"auto, (max-width: 420px) 100vw, 420px\" \/><\/figure>\n\n\n\n<figure class=\"wp-block-image size-full\"><img loading=\"lazy\" decoding=\"async\" width=\"420\" height=\"420\" src=\"https:\/\/www.motokomerc.com\/wp-content\/uploads\/2024\/11\/IMG_3353_sml.jpg\" alt=\"\" class=\"wp-image-215\" srcset=\"https:\/\/www.motokomerc.com\/wp-content\/uploads\/2024\/11\/IMG_3353_sml.jpg 420w, https:\/\/www.motokomerc.com\/wp-content\/uploads\/2024\/11\/IMG_3353_sml-300x300.jpg 300w, https:\/\/www.motokomerc.com\/wp-content\/uploads\/2024\/11\/IMG_3353_sml-100x100.jpg 100w, https:\/\/www.motokomerc.com\/wp-content\/uploads\/2024\/11\/IMG_3353_sml-150x150.jpg 150w\" sizes=\"auto, (max-width: 420px) 100vw, 420px\" \/><\/figure>\n","protected":false},"excerpt":{"rendered":"<p>Dugogodi\u0161nje iskustvo, savremeni ma\u0161inski park, visoka stru\u010dnost garant su kvaliteta na\u0161ih usluga. Program ma\u0161inske obrade koja se vr\u0161i u Motokomercu:-kompletna obrada blokova motora-bru\u0161enje kolenastih vratila-kompletna obrada glava motora-hilznovanje blokova motora-trnovanje blokova motora-trnovanje ku\u0107i\u0161ta bregaste osovine-obrada male i velike pesnice klipnja\u010de-strugarske obrade-obrade bru\u0161enja<\/p>\n","protected":false},"author":1,"featured_media":0,"parent":0,"menu_order":0,"comment_status":"closed","ping_status":"closed","template":"","meta":{"footnotes":""},"folder":[],"class_list":["post-210","page","type-page","status-publish","hentry"],"_links":{"self":[{"href":"https:\/\/www.motokomerc.com\/index.php\/wp-json\/wp\/v2\/pages\/210","targetHints":{"allow":["GET"]}}],"collection":[{"href":"https:\/\/www.motokomerc.com\/index.php\/wp-json\/wp\/v2\/pages"}],"about":[{"href":"https:\/\/www.motokomerc.com\/index.php\/wp-json\/wp\/v2\/types\/page"}],"author":[{"embeddable":true,"href":"https:\/\/www.motokomerc.com\/index.php\/wp-json\/wp\/v2\/users\/1"}],"replies":[{"embeddable":true,"href":"https:\/\/www.motokomerc.com\/index.php\/wp-json\/wp\/v2\/comments?post=210"}],"version-history":[{"count":0,"href":"https:\/\/www.motokomerc.com\/index.php\/wp-json\/wp\/v2\/pages\/210\/revisions"}],"wp:attachment":[{"href":"https:\/\/www.motokomerc.com\/index.php\/wp-json\/wp\/v2\/media?parent=210"}],"wp:term":[{"taxonomy":"folder","embeddable":true,"href":"https:\/\/www.motokomerc.com\/index.php\/wp-json\/wp\/v2\/folder?post=210"}],"curies":[{"name":"wp","href":"https:\/\/api.w.org\/{rel}","templated":true}]}}