{"id":221,"date":"2024-11-18T20:00:12","date_gmt":"2024-11-18T20:00:12","guid":{"rendered":"https:\/\/www.motokomerc.com\/?page_id=221"},"modified":"2024-12-29T12:20:21","modified_gmt":"2024-12-29T12:20:21","slug":"tehnicki-pregled-vozila","status":"publish","type":"page","link":"https:\/\/www.motokomerc.com\/index.php\/tehnicki-pregled-vozila\/","title":{"rendered":"Tehni\u010dki pregled vozila"},"content":{"rendered":"\n<div class=\"wp-block-group wow animate__animated animate__fadeInUp has-global-padding is-layout-constrained wp-block-group-is-layout-constrained\" style=\"margin-top:0;margin-bottom:0;padding-top:var(--wp--preset--spacing--50);padding-bottom:var(--wp--preset--spacing--50)\">\n<div class=\"wp-block-columns are-vertically-aligned-center is-layout-flex wp-container-core-columns-is-layout-7fc3d43a wp-block-columns-is-layout-flex\">\n<div class=\"wp-block-column is-vertically-aligned-center wow animate__animated animate__fadeInUp is-layout-flow wp-block-column-is-layout-flow\" style=\"flex-basis:45%\">\n<div class=\"wp-block-group has-global-padding is-layout-constrained wp-block-group-is-layout-constrained\" style=\"margin-top:0;margin-bottom:0;padding-top:0;padding-bottom:0\">\n<p class=\"has-text-align-left\" style=\"margin-top:0;margin-bottom:0\"><\/p>\n\n\n\n<h2 class=\"wp-block-heading has-text-align-left has-body-font-family\" style=\"margin-top:0;font-size:clamp(20px, 1.25rem + ((1vw - 3.2px) * 1.463), 32px);font-style:normal;font-weight:500;line-height:1.2\">Kontaktirajte nas &#8211; tehni\u010dki pregled<\/h2>\n\n\n\n<p><\/p>\n\n\n\n<p style=\"margin-top:10px;margin-bottom:0\">+381 64 8493 063<\/p>\n\n\n\n<p style=\"margin-top:10px;margin-bottom:0\"><a href=\"mailto:tehnicki@www.motokomerc.com\">tehnicki@motokomerc.com<\/a><\/p>\n\n\n\n<p style=\"margin-top:10px;margin-bottom:0\">Rajkova\u010dka 21, 14000 Valjevo<\/p>\n\n\n\n<div class=\"wp-block-buttons is-content-justification-left is-layout-flex wp-container-core-buttons-is-layout-bdd95141 wp-block-buttons-is-layout-flex\" style=\"margin-top:var(--wp--preset--spacing--30)\">\n<div class=\"wp-block-button\"><a class=\"wp-block-button__link has-primary-background-color has-background wp-element-button\" href=\"https:\/\/www.motokomerc.com\/index.php\/posaljite-upit-za-zeljeni-termin\/\" style=\"padding-top:var(--wp--preset--spacing--10);padding-right:var(--wp--preset--spacing--40);padding-bottom:var(--wp--preset--spacing--10);padding-left:var(--wp--preset--spacing--40)\">Zaka\u017ei tehni\u010dki pregled<\/a><\/div>\n<\/div>\n<\/div>\n<\/div>\n\n\n\n<div class=\"wp-block-column is-vertically-aligned-center wow animate__animated animate__fadeInUp is-layout-flow wp-block-column-is-layout-flow\"><\/div>\n\n\n\n<div class=\"wp-block-column is-layout-flow wp-block-column-is-layout-flow\"><\/div>\n\n\n\n<div class=\"wp-block-column is-layout-flow wp-block-column-is-layout-flow\"><\/div>\n\n\n\n<div class=\"wp-block-column is-layout-flow wp-block-column-is-layout-flow\"><\/div>\n\n\n\n<div class=\"wp-block-column is-layout-flow wp-block-column-is-layout-flow\"><\/div>\n<\/div>\n<\/div>\n\n\n\n<div class=\"wp-block-group wow animate__animated animate__fadeInUp has-global-padding is-layout-constrained wp-block-group-is-layout-constrained\" style=\"margin-top:0;margin-bottom:0;padding-top:var(--wp--preset--spacing--50);padding-bottom:var(--wp--preset--spacing--50)\">\n<div class=\"wp-block-columns are-vertically-aligned-center is-layout-flex wp-container-core-columns-is-layout-7fc3d43a wp-block-columns-is-layout-flex\">\n<div class=\"wp-block-column is-vertically-aligned-center wow animate__animated animate__fadeInUp is-layout-flow wp-block-column-is-layout-flow\">\n<figure class=\"wp-block-image size-full has-custom-border\"><img loading=\"lazy\" decoding=\"async\" width=\"420\" height=\"315\" src=\"https:\/\/www.motokomerc.com\/wp-content\/uploads\/2024\/11\/TehPregled02.jpg\" alt=\"\" class=\"wp-image-222\" style=\"border-radius:8px\" srcset=\"https:\/\/www.motokomerc.com\/wp-content\/uploads\/2024\/11\/TehPregled02.jpg 420w, https:\/\/www.motokomerc.com\/wp-content\/uploads\/2024\/11\/TehPregled02-300x225.jpg 300w\" sizes=\"auto, (max-width: 420px) 100vw, 420px\" \/><\/figure>\n<\/div>\n\n\n\n<div class=\"wp-block-column is-vertically-aligned-center wow animate__animated animate__fadeInUp is-layout-flow wp-block-column-is-layout-flow\" style=\"flex-basis:45%\">\n<div class=\"wp-block-group has-global-padding is-layout-constrained wp-block-group-is-layout-constrained\" style=\"margin-top:0;margin-bottom:0;padding-top:0;padding-bottom:0\">\n<p class=\"has-text-align-left\" style=\"margin-top:0;margin-bottom:0\"><\/p>\n\n\n\n<h2 class=\"wp-block-heading has-text-align-left has-body-font-family\" style=\"margin-top:0;font-size:clamp(20px, 1.25rem + ((1vw - 3.2px) * 1.463), 32px);font-style:normal;font-weight:500;line-height:1.2\">Naj\u010de\u0161\u0107e postavljena <mark style=\"background-color:rgba(0, 0, 0, 0)\" class=\"has-inline-color has-primary-color\">Pitanja<\/mark><\/h2>\n\n\n\n<details class=\"wp-block-details has-border-color has-accent-5-border-color has-base-background-color has-background is-layout-flow wp-container-core-details-is-layout-0573dcd3 wp-block-details-is-layout-flow\" style=\"border-width:1px;margin-bottom:var(--wp--preset--spacing--10);padding-top:var(--wp--preset--spacing--10);padding-right:var(--wp--preset--spacing--20);padding-bottom:var(--wp--preset--spacing--10);padding-left:var(--wp--preset--spacing--20);font-size:clamp(14px, 0.875rem + ((1vw - 3.2px) * 0.488), 18px);font-style:normal;font-weight:600\"><summary>Da li je potrebno da idem u MUP zbog izdavanja nalepnice ?<\/summary>\n<p class=\"has-contrast-color has-text-color has-link-color wp-elements-f11782b6ab556da66d9f406739182223\" style=\"font-style:normal;font-weight:400\">Ne. Ceo proces registracije i izdavanja nalepnice zavr\u0161avamo na licu mesta.<\/p>\n<\/details>\n\n\n\n<details class=\"wp-block-details has-border-color has-accent-5-border-color has-base-background-color has-background is-layout-flow wp-container-core-details-is-layout-0573dcd3 wp-block-details-is-layout-flow\" style=\"border-width:1px;margin-bottom:var(--wp--preset--spacing--10);padding-top:var(--wp--preset--spacing--10);padding-right:var(--wp--preset--spacing--20);padding-bottom:var(--wp--preset--spacing--10);padding-left:var(--wp--preset--spacing--20);font-size:clamp(14px, 0.875rem + ((1vw - 3.2px) * 0.488), 18px);font-style:normal;font-weight:600\"><summary>\u0160ta je potrebno da ponesem od dokumentacije?<\/summary>\n<p class=\"has-contrast-color has-text-color has-link-color wp-elements-3a6a4cb7b12ccfe0a4791363daeb9a28\" style=\"font-style:normal;font-weight:400\">Od dokumentacije potrebno je da ponesete slede\u0107e:<br>-li\u010dnu kartu voza\u010da<br>-saobra\u0107ajnu dozvolu<br>-va\u017ee\u0107u polisu osiguranja<br>-uverenje &#8211; odnosi se na vozila za koje su izdata uverenja o ispitivanju pre 12.02.2013. godine<br>-reatest &#8211; vozila sa pogonom na gas ili druge vrste goriva za koje je potreban atest (odnosi se na vozila kojima je atest izdat nakon 12.02.2013. godine)<\/p>\n<\/details>\n\n\n\n<details class=\"wp-block-details has-border-color has-accent-5-border-color has-base-background-color has-background is-layout-flow wp-container-core-details-is-layout-0573dcd3 wp-block-details-is-layout-flow\" style=\"border-width:1px;margin-bottom:var(--wp--preset--spacing--10);padding-top:var(--wp--preset--spacing--10);padding-right:var(--wp--preset--spacing--20);padding-bottom:var(--wp--preset--spacing--10);padding-left:var(--wp--preset--spacing--20);font-size:clamp(14px, 0.875rem + ((1vw - 3.2px) * 0.488), 18px);font-style:normal;font-weight:600\"><summary>Mogu li zakazati online?<\/summary>\n<p class=\"has-contrast-color has-text-color has-link-color wp-elements-7480b09e576d93b223a0121986510613\" style=\"font-style:normal;font-weight:400\">Da. Interesovanje za tehni\u010dki pregled vozila mo\u017eete izraziti <a href=\"https:\/\/www.motokomerc.com\/index.php\/posaljite-upit-za-zeljeni-termin\/\">ovde<\/a>. Kolege sa tehni\u010dkog pregleda \u0107e Vas kontaktirati u najkra\u0107em mogu\u0107em roku. Informacije o slobodnim terminima i ceni dobi\u0107ete na podatke koje ste ostavili.<\/p>\n\n\n\n<p class=\"has-contrast-color has-text-color has-link-color wp-elements-1ec2190f2594c5b08ab65acea5660d4b\" style=\"font-style:normal;font-weight:400\"><\/p>\n<\/details>\n<\/div>\n<\/div>\n<\/div>\n<\/div>\n","protected":false},"excerpt":{"rendered":"<p>Kontaktirajte nas &#8211; tehni\u010dki pregled +381 64 8493 063 tehnicki@motokomerc.com Rajkova\u010dka 21, 14000 Valjevo Naj\u010de\u0161\u0107e postavljena Pitanja<\/p>\n","protected":false},"author":1,"featured_media":0,"parent":0,"menu_order":0,"comment_status":"closed","ping_status":"closed","template":"","meta":{"footnotes":""},"folder":[],"class_list":["post-221","page","type-page","status-publish","hentry"],"_links":{"self":[{"href":"https:\/\/www.motokomerc.com\/index.php\/wp-json\/wp\/v2\/pages\/221","targetHints":{"allow":["GET"]}}],"collection":[{"href":"https:\/\/www.motokomerc.com\/index.php\/wp-json\/wp\/v2\/pages"}],"about":[{"href":"https:\/\/www.motokomerc.com\/index.php\/wp-json\/wp\/v2\/types\/page"}],"author":[{"embeddable":true,"href":"https:\/\/www.motokomerc.com\/index.php\/wp-json\/wp\/v2\/users\/1"}],"replies":[{"embeddable":true,"href":"https:\/\/www.motokomerc.com\/index.php\/wp-json\/wp\/v2\/comments?post=221"}],"version-history":[{"count":0,"href":"https:\/\/www.motokomerc.com\/index.php\/wp-json\/wp\/v2\/pages\/221\/revisions"}],"wp:attachment":[{"href":"https:\/\/www.motokomerc.com\/index.php\/wp-json\/wp\/v2\/media?parent=221"}],"wp:term":[{"taxonomy":"folder","embeddable":true,"href":"https:\/\/www.motokomerc.com\/index.php\/wp-json\/wp\/v2\/folder?post=221"}],"curies":[{"name":"wp","href":"https:\/\/api.w.org\/{rel}","templated":true}]}}