{"id":24,"date":"2024-09-28T21:30:30","date_gmt":"2024-09-28T21:30:30","guid":{"rendered":"https:\/\/www.motokomerc.com\/?page_id=24"},"modified":"2025-11-02T20:12:00","modified_gmt":"2025-11-02T20:12:00","slug":"kontaktirajte-nas","status":"publish","type":"page","link":"https:\/\/www.motokomerc.com\/index.php\/kontaktirajte-nas\/","title":{"rendered":"Kontaktirajte nas"},"content":{"rendered":"<div class=\"wpforms-container wpforms-container-full wpforms-block wpforms-block-5544455d-abec-4957-a09f-2bad7b7b1b1d wpforms-render-modern\" id=\"wpforms-51\"><form id=\"wpforms-form-51\" class=\"wpforms-validate wpforms-form wpforms-ajax-form\" data-formid=\"51\" method=\"post\" enctype=\"multipart\/form-data\" action=\"\/index.php\/wp-json\/wp\/v2\/pages\/24\" data-token=\"5f0882364c99b49eef5870fe8b471c89\" data-token-time=\"1778240633\"><noscript class=\"wpforms-error-noscript\">Please enable JavaScript in your browser to complete this form.<\/noscript><div id=\"wpforms-error-noscript\" style=\"display: none;\">Please enable JavaScript in your browser to complete this form.<\/div><div class=\"wpforms-field-container\"><div id=\"wpforms-51-field_1-container\" class=\"wpforms-field wpforms-field-name\" data-field-id=\"1\"><label class=\"wpforms-field-label\" for=\"wpforms-51-field_1\">Ime i prezime <span class=\"wpforms-required-label\" aria-hidden=\"true\">*<\/span><\/label><input type=\"text\" id=\"wpforms-51-field_1\" class=\"wpforms-field-medium wpforms-field-required\" name=\"wpforms[fields][1]\" aria-errormessage=\"wpforms-51-field_1-error\" required><\/div><div id=\"wpforms-51-field_2-container\" class=\"wpforms-field wpforms-field-text\" data-field-id=\"2\"><label class=\"wpforms-field-label\" for=\"wpforms-51-field_2\">Kompanija<\/label><input type=\"text\" id=\"wpforms-51-field_2\" class=\"wpforms-field-medium\" name=\"wpforms[fields][2]\" aria-errormessage=\"wpforms-51-field_2-error\" aria-describedby=\"wpforms-51-field_2-description\" ><div id=\"wpforms-51-field_2-description\" class=\"wpforms-field-description\">Ukoliko nas kontaktirate kao fizi\u010dko lice, molimo Vas da presko\u010dite ovo polje. <\/div><\/div><div id=\"wpforms-51-field_3-container\" class=\"wpforms-field wpforms-field-text\" data-field-id=\"3\"><label class=\"wpforms-field-label\" for=\"wpforms-51-field_3\">PIB:<\/label><input type=\"text\" id=\"wpforms-51-field_3\" class=\"wpforms-field-medium\" name=\"wpforms[fields][3]\" aria-errormessage=\"wpforms-51-field_3-error\" aria-describedby=\"wpforms-51-field_3-description\" ><div id=\"wpforms-51-field_3-description\" class=\"wpforms-field-description\">Ukoliko nas kontaktirate kao fizi\u010dko lice, molimo Vas da presko\u010dite ovo polje. <\/div><\/div><div id=\"wpforms-51-field_4-container\" class=\"wpforms-field wpforms-field-text\" data-field-id=\"4\"><label class=\"wpforms-field-label\" for=\"wpforms-51-field_4\">Funkcija<\/label><input type=\"text\" id=\"wpforms-51-field_4\" class=\"wpforms-field-medium\" name=\"wpforms[fields][4]\" aria-errormessage=\"wpforms-51-field_4-error\" aria-describedby=\"wpforms-51-field_4-description\" ><div id=\"wpforms-51-field_4-description\" class=\"wpforms-field-description\">Ukoliko nas kontaktirate kao fizi\u010dko lice, molimo Vas da presko\u010dite ovo polje. <\/div><\/div><div id=\"wpforms-51-field_12-container\" class=\"wpforms-field wpforms-field-email\" data-field-id=\"12\"><label class=\"wpforms-field-label\" for=\"wpforms-51-field_12\">Email <span class=\"wpforms-required-label\" aria-hidden=\"true\">*<\/span><\/label><input type=\"email\" id=\"wpforms-51-field_12\" class=\"wpforms-field-medium wpforms-field-required\" name=\"wpforms[fields][12]\" spellcheck=\"false\" aria-errormessage=\"wpforms-51-field_12-error\" required><\/div>\t\t<div id=\"wpforms-51-field_5-container\"\n\t\t\tclass=\"wpforms-field wpforms-field-text\"\n\t\t\tdata-field-type=\"text\"\n\t\t\tdata-field-id=\"5\"\n\t\t\t>\n\t\t\t<label class=\"wpforms-field-label\" for=\"wpforms-51-field_5\" >da poruka prikuplja<\/label>\n\t\t\t<input type=\"text\" id=\"wpforms-51-field_5\" class=\"wpforms-field-medium\" name=\"wpforms[fields][5]\" >\n\t\t<\/div>\n\t\t<div id=\"wpforms-51-field_6-container\" class=\"wpforms-field wpforms-field-name\" data-field-id=\"6\"><label class=\"wpforms-field-label\" for=\"wpforms-51-field_6\">Kontakt telefon <span class=\"wpforms-required-label\" aria-hidden=\"true\">*<\/span><\/label><input type=\"text\" id=\"wpforms-51-field_6\" class=\"wpforms-field-medium wpforms-field-required\" name=\"wpforms[fields][6]\" aria-errormessage=\"wpforms-51-field_6-error\" required><\/div><div id=\"wpforms-51-field_7-container\" class=\"wpforms-field wpforms-field-select wpforms-field-select-style-classic\" data-field-id=\"7\"><label class=\"wpforms-field-label\" for=\"wpforms-51-field_7\">Koga \u017eelite da kontaktirate ? <span class=\"wpforms-required-label\" aria-hidden=\"true\">*<\/span><\/label><select id=\"wpforms-51-field_7\" class=\"wpforms-field-medium wpforms-field-required\" name=\"wpforms[fields][7]\" required=\"required\"><option value=\"Prodaja\" >Prodaja<\/option><option value=\"Servis ma\u0161ina i opreme\" >Servis ma\u0161ina i opreme<\/option><option value=\"Remont motora \/  ma\u0161inska obrada\" >Remont motora \/  ma\u0161inska obrada<\/option><option value=\"Tehni\u010dki pregled\" >Tehni\u010dki pregled<\/option><option value=\"Pravna pitanja\" >Pravna pitanja<\/option><option value=\"Administracija i online podr\u0161ka\" >Administracija i online podr\u0161ka<\/option><option value=\"Ra\u010dunovodstvo\" >Ra\u010dunovodstvo<\/option><option value=\"Finansije\" >Finansije<\/option><option value=\"Zaposlenje\" >Zaposlenje<\/option><option value=\"Web tim, sajt, sistemi\" >Web tim, sajt, sistemi<\/option><option value=\"Reklamacije i pohvale\" >Reklamacije i pohvale<\/option><option value=\"GDPR, sistem kontrole pristupa i video nadzor\" >GDPR, sistem kontrole pristupa i video nadzor<\/option><option value=\"Eti\u010dnost u Motokomerc - prijave i informacije\" >Eti\u010dnost u Motokomerc &#8211; prijave i informacije<\/option><option value=\"Nisam siguran\" >Nisam siguran<\/option><\/select><div id=\"wpforms-51-field_7-description\" class=\"wpforms-field-description\">Odabirom jednog od ponu\u0111enih polja Va\u0161e pitanje se automatski prosle\u0111uje nadle\u017enima za Va\u0161u oblast interesovanja. Ukoliko niste sigurni koga \u017eelite da kontaktirate, molimo Vas da odaberete polje ,,Nisam siguran&#8221;. Va\u0161u poruku prosledi\u0107e prvi operater koji otvori Va\u0161 zahtev. <\/div><\/div><div id=\"wpforms-51-field_8-container\" class=\"wpforms-field wpforms-field-text\" data-field-id=\"8\"><label class=\"wpforms-field-label\" for=\"wpforms-51-field_8\">Naslov poruke \/ Predmet  <span class=\"wpforms-required-label\" aria-hidden=\"true\">*<\/span><\/label><input type=\"text\" id=\"wpforms-51-field_8\" class=\"wpforms-field-medium wpforms-field-required\" name=\"wpforms[fields][8]\" aria-errormessage=\"wpforms-51-field_8-error\" required><\/div><div id=\"wpforms-51-field_9-container\" class=\"wpforms-field wpforms-field-textarea\" data-field-id=\"9\"><label class=\"wpforms-field-label\" for=\"wpforms-51-field_9\">Va\u0161a poruka <span class=\"wpforms-required-label\" aria-hidden=\"true\">*<\/span><\/label><textarea id=\"wpforms-51-field_9\" class=\"wpforms-field-medium wpforms-field-required\" name=\"wpforms[fields][9]\" aria-errormessage=\"wpforms-51-field_9-error\" required><\/textarea><\/div><div id=\"wpforms-51-field_10-container\" class=\"wpforms-field wpforms-field-checkbox\" data-field-id=\"10\"><fieldset><legend class=\"wpforms-field-label\">Kako \u017eelite da Vam se obra\u0107amo ? <span class=\"wpforms-required-label\" aria-hidden=\"true\">*<\/span><\/legend><ul id=\"wpforms-51-field_10\" class=\"wpforms-field-required\" data-choice-limit=\"1\"><li class=\"choice-1 depth-1\"><input type=\"checkbox\" id=\"wpforms-51-field_10_1\" data-rule-check-limit=\"true\" name=\"wpforms[fields][10][]\" value=\"Gospodin\" aria-errormessage=\"wpforms-51-field_10_1-error\" required ><label class=\"wpforms-field-label-inline\" for=\"wpforms-51-field_10_1\">Gospodin<\/label><\/li><li class=\"choice-2 depth-1\"><input type=\"checkbox\" id=\"wpforms-51-field_10_2\" data-rule-check-limit=\"true\" name=\"wpforms[fields][10][]\" value=\"Gospo\u0111a\" aria-errormessage=\"wpforms-51-field_10_2-error\" required ><label class=\"wpforms-field-label-inline\" for=\"wpforms-51-field_10_2\">Gospo\u0111a<\/label><\/li><li class=\"choice-3 depth-1\"><input type=\"checkbox\" id=\"wpforms-51-field_10_3\" data-rule-check-limit=\"true\" name=\"wpforms[fields][10][]\" value=\"Drugo\" aria-errormessage=\"wpforms-51-field_10_3-error\" required ><label class=\"wpforms-field-label-inline\" for=\"wpforms-51-field_10_3\">Drugo<\/label><\/li><\/ul><\/fieldset><\/div><div id=\"wpforms-51-field_11-container\" class=\"wpforms-field wpforms-field-checkbox\" data-field-id=\"11\"><fieldset><legend class=\"wpforms-field-label\">Saglasan sam da kompanija Motokomerc prikuplja i obra\u0111uje moje podatke u svrhu marketinga i obave\u0161tavanja o novim aktivnostima.  <span class=\"wpforms-required-label\" aria-hidden=\"true\">*<\/span><\/legend><ul id=\"wpforms-51-field_11\" class=\"wpforms-field-required\"><li class=\"choice-1 depth-1\"><input type=\"checkbox\" id=\"wpforms-51-field_11_1\" name=\"wpforms[fields][11][]\" value=\"Saglasan sam\" aria-errormessage=\"wpforms-51-field_11_1-error\" required ><label class=\"wpforms-field-label-inline\" for=\"wpforms-51-field_11_1\">Saglasan sam<\/label><\/li><\/ul><\/fieldset><\/div><script>\n\t\t\t\t( function() {\n\t\t\t\t\tconst style = document.createElement( 'style' );\n\t\t\t\t\tstyle.appendChild( document.createTextNode( '#wpforms-51-field_5-container { position: absolute !important; overflow: hidden !important; display: inline !important; height: 1px !important; width: 1px !important; z-index: -1000 !important; padding: 0 !important; } #wpforms-51-field_5-container input { visibility: hidden; } #wpforms-conversational-form-page #wpforms-51-field_5-container label { counter-increment: none; }' ) );\n\t\t\t\t\tdocument.head.appendChild( style );\n\t\t\t\t\tdocument.currentScript?.remove();\n\t\t\t\t} )();\n\t\t\t<\/script><\/div><!-- .wpforms-field-container --><div class=\"wpforms-submit-container\" ><input type=\"hidden\" name=\"wpforms[id]\" value=\"51\"><input type=\"hidden\" name=\"page_title\" value=\"\"><input type=\"hidden\" name=\"page_url\" value=\"https:\/\/www.motokomerc.com\/index.php\/wp-json\/wp\/v2\/pages\/24\"><input type=\"hidden\" name=\"url_referer\" value=\"\"><button type=\"submit\" name=\"wpforms[submit]\" id=\"wpforms-submit-51\" class=\"wpforms-submit\" data-alt-text=\"\u0160aljem poruku na Motokomerc sistem...\" data-submit-text=\"Podnesi zahtev za kontakt\" aria-live=\"assertive\" value=\"wpforms-submit\">Podnesi zahtev za kontakt<\/button><img loading=\"lazy\" decoding=\"async\" src=\"https:\/\/www.motokomerc.com\/wp-content\/plugins\/wpforms-lite\/assets\/images\/submit-spin.svg\" class=\"wpforms-submit-spinner\" style=\"display: none;\" width=\"26\" height=\"26\" alt=\"Loading\"><\/div><\/form><\/div>  <!-- .wpforms-container -->\n\n\n<div class=\"wp-block-group wow animate__animated animate__fadeInUp has-global-padding is-layout-constrained wp-block-group-is-layout-constrained\" style=\"margin-top:0;margin-bottom:0;padding-top:var(--wp--preset--spacing--50);padding-bottom:var(--wp--preset--spacing--50)\">\n<div class=\"wp-block-columns are-vertically-aligned-center is-layout-flex wp-container-core-columns-is-layout-7fc3d43a wp-block-columns-is-layout-flex\">\n<div class=\"wp-block-column is-vertically-aligned-center wow animate__animated animate__fadeInUp is-layout-flow wp-block-column-is-layout-flow\">\n<figure class=\"wp-block-image size-full is-resized has-custom-border\"><img loading=\"lazy\" decoding=\"async\" width=\"410\" height=\"214\" src=\"https:\/\/www.motokomerc.com\/wp-content\/uploads\/2025\/11\/onama_pic1.jpg\" alt=\"\" class=\"wp-image-965\" style=\"border-radius:8px;width:443px;height:auto\" srcset=\"https:\/\/www.motokomerc.com\/wp-content\/uploads\/2025\/11\/onama_pic1.jpg 410w, https:\/\/www.motokomerc.com\/wp-content\/uploads\/2025\/11\/onama_pic1-300x157.jpg 300w\" sizes=\"auto, (max-width: 410px) 100vw, 410px\" \/><\/figure>\n<\/div>\n\n\n\n<div class=\"wp-block-column is-vertically-aligned-center wow animate__animated animate__fadeInUp is-layout-flow wp-block-column-is-layout-flow\" style=\"flex-basis:45%\">\n<div class=\"wp-block-group has-global-padding is-layout-constrained wp-block-group-is-layout-constrained\" style=\"margin-top:0;margin-bottom:0;padding-top:0;padding-bottom:0\">\n<p class=\"has-text-align-left\" style=\"margin-top:0;margin-bottom:0\"><\/p>\n\n\n\n<h2 class=\"wp-block-heading has-text-align-left has-body-font-family\" style=\"margin-top:0;font-size:clamp(20px, 1.25rem + ((1vw - 3.2px) * 1.463), 32px);font-style:normal;font-weight:600;line-height:1.2\">Naj\u010de\u0161\u0107e postavljena <mark style=\"background-color:rgba(0, 0, 0, 0)\" class=\"has-inline-color has-primary-color\">pitanja<\/mark><\/h2>\n\n\n\n<details class=\"wp-block-details has-border-color has-accent-5-border-color has-base-background-color has-background is-layout-flow wp-container-core-details-is-layout-0573dcd3 wp-block-details-is-layout-flow\" style=\"border-width:1px;margin-bottom:var(--wp--preset--spacing--10);padding-top:var(--wp--preset--spacing--10);padding-right:var(--wp--preset--spacing--20);padding-bottom:var(--wp--preset--spacing--10);padding-left:var(--wp--preset--spacing--20);font-size:clamp(14px, 0.875rem + ((1vw - 3.2px) * 0.488), 18px);font-style:normal;font-weight:600\"><summary>Kako da zaka\u017eem sastanak ?<\/summary>\n<p class=\"has-contrast-color has-text-color has-link-color wp-elements-f3412f5ff5923d6d356e4e38a6e367b0\" style=\"font-style:normal;font-weight:400\">Sastanak mo\u017eete zakazati <a href=\"https:\/\/www.motokomerc.com\/index.php\/zakazite-sastanak\/\">ovde<\/a>. Va\u017eno je napomenuti da podnet zahtev predstavlja isklju\u010divo izra\u017eeno interesovanje za sastanak sa nekim iz Motokomerca. Dodatne informacije \u0107ete dobiti preko navedenih linija komunikacije.<\/p>\n\n\n\n<p class=\"has-contrast-color has-text-color has-link-color wp-elements-1ec2190f2594c5b08ab65acea5660d4b\" style=\"font-style:normal;font-weight:400\"><\/p>\n<\/details>\n\n\n\n<details class=\"wp-block-details has-border-color has-accent-5-border-color has-base-background-color has-background is-layout-flow wp-container-core-details-is-layout-0573dcd3 wp-block-details-is-layout-flow\" style=\"border-width:1px;margin-bottom:var(--wp--preset--spacing--10);padding-top:var(--wp--preset--spacing--10);padding-right:var(--wp--preset--spacing--20);padding-bottom:var(--wp--preset--spacing--10);padding-left:var(--wp--preset--spacing--20);font-size:clamp(14px, 0.875rem + ((1vw - 3.2px) * 0.488), 18px);font-style:normal;font-weight:600\"><summary>Koliko \u010desto imate otvorene nove pozicije ?<\/summary>\n<p class=\"has-contrast-color has-text-color has-link-color wp-elements-f432d8b49e21e3e8f55fc5e148a59d9e\" style=\"font-style:normal;font-weight:400\">Prose\u010dan broj konkursa je 4 puta godi\u0161nje, ali mo\u017ee zna\u010dajno varirati u zavisnosti od godi\u0161njeg plana kadrova, koji se defini\u0161e na kraju svake godine za narednu godinu. Pomenutim planom okvirno mo\u017eemo predvideti broj novih zaposlenih za narednu godinu. Ukoliko ne pratite redovno na\u0161u stranicu, uvek mo\u017eete uneti podatke u na\u0161u <a href=\"https:\/\/www.motokomerc.com\/index.php\/baza-kandidata\/\">bazu kandidata<\/a>, \u010dak i van perioda konkursa. Obavesti\u0107emo Vas \u010dim prvi slede\u0107i konkurs bude otvoren.<\/p>\n\n\n\n<p class=\"has-contrast-color has-text-color has-link-color wp-elements-1ec2190f2594c5b08ab65acea5660d4b\" style=\"font-style:normal;font-weight:400\"><\/p>\n<\/details>\n\n\n\n<details class=\"wp-block-details has-border-color has-accent-5-border-color has-base-background-color has-background is-layout-flow wp-container-core-details-is-layout-0573dcd3 wp-block-details-is-layout-flow\" style=\"border-width:1px;margin-bottom:var(--wp--preset--spacing--10);padding-top:var(--wp--preset--spacing--10);padding-right:var(--wp--preset--spacing--20);padding-bottom:var(--wp--preset--spacing--10);padding-left:var(--wp--preset--spacing--20);font-size:clamp(14px, 0.875rem + ((1vw - 3.2px) * 0.488), 18px);font-style:normal;font-weight:600\"><summary>Nisam dobio odgovor. Sta da radim ?<\/summary>\n<p class=\"has-contrast-color has-text-color has-link-color wp-elements-05856d01553c4e77b3d4090e4984ab41\" style=\"font-style:normal;font-weight:400\">Ukoliko ste po predaji zahteva u vidu kontakt forme ili maila dobili potvrdu o prijemu tiketa na Vas mail molimo Vas da sacekate. Na Vasu poruku bice odgovoreno najkasnije u roku od 48h. U slucaju da niste dobili potvrdu prijema molimo Vas da se obratite na <a href=\"mailto:support@motokomerc.com\">support@motokomerc.com<\/a><\/p>\n<\/details>\n<\/div>\n<\/div>\n<\/div>\n<\/div>\n","protected":false},"excerpt":{"rendered":"<p>Naj\u010de\u0161\u0107e postavljena pitanja<\/p>\n","protected":false},"author":1,"featured_media":0,"parent":0,"menu_order":0,"comment_status":"closed","ping_status":"closed","template":"","meta":{"footnotes":""},"folder":[],"class_list":["post-24","page","type-page","status-publish","hentry"],"_links":{"self":[{"href":"https:\/\/www.motokomerc.com\/index.php\/wp-json\/wp\/v2\/pages\/24","targetHints":{"allow":["GET"]}}],"collection":[{"href":"https:\/\/www.motokomerc.com\/index.php\/wp-json\/wp\/v2\/pages"}],"about":[{"href":"https:\/\/www.motokomerc.com\/index.php\/wp-json\/wp\/v2\/types\/page"}],"author":[{"embeddable":true,"href":"https:\/\/www.motokomerc.com\/index.php\/wp-json\/wp\/v2\/users\/1"}],"replies":[{"embeddable":true,"href":"https:\/\/www.motokomerc.com\/index.php\/wp-json\/wp\/v2\/comments?post=24"}],"version-history":[{"count":0,"href":"https:\/\/www.motokomerc.com\/index.php\/wp-json\/wp\/v2\/pages\/24\/revisions"}],"wp:attachment":[{"href":"https:\/\/www.motokomerc.com\/index.php\/wp-json\/wp\/v2\/media?parent=24"}],"wp:term":[{"taxonomy":"folder","embeddable":true,"href":"https:\/\/www.motokomerc.com\/index.php\/wp-json\/wp\/v2\/folder?post=24"}],"curies":[{"name":"wp","href":"https:\/\/api.w.org\/{rel}","templated":true}]}}