{"id":259,"date":"2024-11-19T16:13:58","date_gmt":"2024-11-19T16:13:58","guid":{"rendered":"https:\/\/www.motokomerc.com\/?page_id=259"},"modified":"2024-11-19T16:13:58","modified_gmt":"2024-11-19T16:13:58","slug":"baza-kandidata","status":"publish","type":"page","link":"https:\/\/www.motokomerc.com\/index.php\/baza-kandidata\/","title":{"rendered":"Baza kandidata"},"content":{"rendered":"\n<p><\/p>\n\n\n<div class=\"wpforms-container wpforms-container-full wpforms-block wpforms-block-ac26c80a-d4c8-498e-879c-f18ff532e5c3 wpforms-render-modern\" id=\"wpforms-251\"><form id=\"wpforms-form-251\" class=\"wpforms-validate wpforms-form wpforms-ajax-form\" data-formid=\"251\" method=\"post\" enctype=\"multipart\/form-data\" action=\"\/index.php\/wp-json\/wp\/v2\/pages\/259\" data-token=\"ed517d485a3982d9f44c0d8aa3d781fd\" data-token-time=\"1778694642\"><noscript class=\"wpforms-error-noscript\">Please enable JavaScript in your browser to complete this form.<\/noscript><div id=\"wpforms-error-noscript\" style=\"display: none;\">Please enable JavaScript in your browser to complete this form.<\/div><div class=\"wpforms-field-container\"><div id=\"wpforms-251-field_1-container\" class=\"wpforms-field wpforms-field-name\" data-field-id=\"1\"><label class=\"wpforms-field-label\" for=\"wpforms-251-field_1\">Ime i prezime <span class=\"wpforms-required-label\" aria-hidden=\"true\">*<\/span><\/label><input type=\"text\" id=\"wpforms-251-field_1\" class=\"wpforms-field-medium wpforms-field-required\" name=\"wpforms[fields][1]\" aria-errormessage=\"wpforms-251-field_1-error\" required><\/div><div id=\"wpforms-251-field_2-container\" class=\"wpforms-field wpforms-field-text\" data-field-id=\"2\"><label class=\"wpforms-field-label\" for=\"wpforms-251-field_2\">Kontakt telefon <span class=\"wpforms-required-label\" aria-hidden=\"true\">*<\/span><\/label><input type=\"text\" id=\"wpforms-251-field_2\" class=\"wpforms-field-medium wpforms-field-required\" name=\"wpforms[fields][2]\" aria-errormessage=\"wpforms-251-field_2-error\" required><\/div><div id=\"wpforms-251-field_3-container\" class=\"wpforms-field wpforms-field-email\" data-field-id=\"3\"><label class=\"wpforms-field-label\" for=\"wpforms-251-field_3\">Email <span class=\"wpforms-required-label\" aria-hidden=\"true\">*<\/span><\/label><input type=\"email\" id=\"wpforms-251-field_3\" class=\"wpforms-field-medium wpforms-field-required\" name=\"wpforms[fields][3]\" spellcheck=\"false\" aria-errormessage=\"wpforms-251-field_3-error\" required><\/div><div id=\"wpforms-251-field_14-container\" class=\"wpforms-field wpforms-field-select wpforms-field-select-style-classic\" data-field-id=\"14\"><label class=\"wpforms-field-label\" for=\"wpforms-251-field_14\">Stepen obrazovanja<\/label><select id=\"wpforms-251-field_14\" class=\"wpforms-field-medium\" name=\"wpforms[fields][14]\"><option value=\"I - osnovno obrazovanje\" >I &#8211; osnovno obrazovanje<\/option><option value=\"II - polukvalifikovani radnik\" >II &#8211; polukvalifikovani radnik<\/option><option value=\"III - kvalifikovani radnik\" >III &#8211; kvalifikovani radnik<\/option><option value=\"IV - srednje obrazovanje (4 godine)\" >IV &#8211; srednje obrazovanje (4 godine)<\/option><option value=\"V - visoko kvalifikovan radnik\" >V &#8211; visoko kvalifikovan radnik<\/option><option value=\"VI (VI1 i VI2) - vi\u0161e obrazovanje (I stepen fakulteta)\" >VI (VI1 i VI2) &#8211; vi\u0161e obrazovanje (I stepen fakulteta)<\/option><option value=\"VII1 - visoko obrazovanje\" >VII1 &#8211; visoko obrazovanje<\/option><option value=\"VII2 - magistratura\" >VII2 &#8211; magistratura<\/option><option value=\"VIII - doktorat\" >VIII &#8211; doktorat<\/option><\/select><\/div><div id=\"wpforms-251-field_9-container\" class=\"wpforms-field wpforms-field-textarea\" data-field-id=\"9\"><label class=\"wpforms-field-label\" for=\"wpforms-251-field_9\">Predstavite nam se.  <span class=\"wpforms-required-label\" aria-hidden=\"true\">*<\/span><\/label><textarea id=\"wpforms-251-field_9\" class=\"wpforms-field-medium wpforms-field-required\" name=\"wpforms[fields][9]\" aria-errormessage=\"wpforms-251-field_9-error\" required><\/textarea><\/div><div id=\"wpforms-251-field_5-container\" class=\"wpforms-field wpforms-field-text\" data-field-id=\"5\"><label class=\"wpforms-field-label\" for=\"wpforms-251-field_5\">Trenutno zanimanje <span class=\"wpforms-required-label\" aria-hidden=\"true\">*<\/span><\/label><input type=\"text\" id=\"wpforms-251-field_5\" class=\"wpforms-field-medium wpforms-field-required\" name=\"wpforms[fields][5]\" aria-errormessage=\"wpforms-251-field_5-error\" required><\/div><div id=\"wpforms-251-field_6-container\" class=\"wpforms-field wpforms-field-text\" data-field-id=\"6\"><label class=\"wpforms-field-label\" for=\"wpforms-251-field_6\">Pozicija za koju konkuri\u0161ete <span class=\"wpforms-required-label\" aria-hidden=\"true\">*<\/span><\/label><input type=\"text\" id=\"wpforms-251-field_6\" class=\"wpforms-field-medium wpforms-field-required\" name=\"wpforms[fields][6]\" aria-errormessage=\"wpforms-251-field_6-error\" required><\/div><div id=\"wpforms-251-field_7-container\" class=\"wpforms-field wpforms-field-select wpforms-field-select-style-classic\" data-field-id=\"7\"><label class=\"wpforms-field-label\" for=\"wpforms-251-field_7\">Ukoliko imate prethodno radno iskustvo, da li je ono bilo na istim ili sli\u010dnim pozicijama za koje konkuri\u0161ete ? <span class=\"wpforms-required-label\" aria-hidden=\"true\">*<\/span><\/label><select id=\"wpforms-251-field_7\" class=\"wpforms-field-medium wpforms-field-required\" name=\"wpforms[fields][7]\" required=\"required\"><option value=\"Da\" >Da<\/option><option value=\"Ne\" >Ne<\/option><\/select><\/div><div id=\"wpforms-251-field_8-container\" class=\"wpforms-field wpforms-field-select wpforms-field-select-style-classic\" data-field-id=\"8\"><label class=\"wpforms-field-label\" for=\"wpforms-251-field_8\">Da li imate da prilo\u017eite CV ? <span class=\"wpforms-required-label\" aria-hidden=\"true\">*<\/span><\/label><select id=\"wpforms-251-field_8\" class=\"wpforms-field-medium wpforms-field-required\" name=\"wpforms[fields][8]\" required=\"required\"><option value=\"Da\" >Da<\/option><option value=\"Ne\" >Ne<\/option><\/select><div id=\"wpforms-251-field_8-description\" class=\"wpforms-field-description\">Iz bezbednosnih razloga ovde ne mo\u017eete prilo\u017eiti dokument. Ukoliko \u017eelite da predate CV, u roku od 48h na mail \u0107emo Vam dostaviti upustvo za predaju istog. Proces predaje zavr\u0161ava se online. <\/div><\/div>\t\t<div id=\"wpforms-251-field_4-container\"\n\t\t\tclass=\"wpforms-field wpforms-field-text\"\n\t\t\tdata-field-type=\"text\"\n\t\t\tdata-field-id=\"4\"\n\t\t\t>\n\t\t\t<label class=\"wpforms-field-label\" for=\"wpforms-251-field_4\" >ga da Trenutno<\/label>\n\t\t\t<input type=\"text\" id=\"wpforms-251-field_4\" class=\"wpforms-field-medium\" name=\"wpforms[fields][4]\" >\n\t\t<\/div>\n\t\t<div id=\"wpforms-251-field_10-container\" class=\"wpforms-field wpforms-field-textarea\" data-field-id=\"10\"><label class=\"wpforms-field-label\" for=\"wpforms-251-field_10\">Imate pitanje ? Slobodno ga postavite.<\/label><textarea id=\"wpforms-251-field_10\" class=\"wpforms-field-medium\" name=\"wpforms[fields][10]\" aria-errormessage=\"wpforms-251-field_10-error\" ><\/textarea><\/div><div id=\"wpforms-251-field_11-container\" class=\"wpforms-field wpforms-field-checkbox\" data-field-id=\"11\"><fieldset><legend class=\"wpforms-field-label\">Saglasan sam da kompanija Motokomerc prikuplja i obra\u0111uje moje podatke u svrhu marketinga i obave\u0161tavanja o novim aktivnostima. <span class=\"wpforms-required-label\" aria-hidden=\"true\">*<\/span><\/legend><ul id=\"wpforms-251-field_11\" class=\"wpforms-field-required\"><li class=\"choice-1 depth-1\"><input type=\"checkbox\" id=\"wpforms-251-field_11_1\" name=\"wpforms[fields][11][]\" value=\"Saglasan sam\" aria-errormessage=\"wpforms-251-field_11_1-error\" required ><label class=\"wpforms-field-label-inline\" for=\"wpforms-251-field_11_1\">Saglasan sam<\/label><\/li><\/ul><\/fieldset><\/div><div id=\"wpforms-251-field_12-container\" class=\"wpforms-field wpforms-field-checkbox\" data-field-id=\"12\"><fieldset><legend class=\"wpforms-field-label\">Moji li\u010dni podaci \u010duva\u0107e se u skladu sa Zakonom o za\u0161titi podataka o li\u010dnosti. Motokomerc \u0107e podatke dostaviti samo zadu\u017eenima za proces selekcije kandidata.  <span class=\"wpforms-required-label\" aria-hidden=\"true\">*<\/span><\/legend><ul id=\"wpforms-251-field_12\" class=\"wpforms-field-required\"><li class=\"choice-1 depth-1\"><input type=\"checkbox\" id=\"wpforms-251-field_12_1\" name=\"wpforms[fields][12][]\" value=\"Saglasan sam\" aria-errormessage=\"wpforms-251-field_12_1-error\" required ><label class=\"wpforms-field-label-inline\" for=\"wpforms-251-field_12_1\">Saglasan sam<\/label><\/li><\/ul><\/fieldset><\/div><script>\n\t\t\t\t( function() {\n\t\t\t\t\tconst style = document.createElement( 'style' );\n\t\t\t\t\tstyle.appendChild( document.createTextNode( '#wpforms-251-field_4-container { position: absolute !important; overflow: hidden !important; display: inline !important; height: 1px !important; width: 1px !important; z-index: -1000 !important; padding: 0 !important; } #wpforms-251-field_4-container input { visibility: hidden; } #wpforms-conversational-form-page #wpforms-251-field_4-container label { counter-increment: none; }' ) );\n\t\t\t\t\tdocument.head.appendChild( style );\n\t\t\t\t\tdocument.currentScript?.remove();\n\t\t\t\t} )();\n\t\t\t<\/script><\/div><!-- .wpforms-field-container --><div class=\"wpforms-submit-container\" ><input type=\"hidden\" name=\"wpforms[id]\" value=\"251\"><input type=\"hidden\" name=\"page_title\" value=\"\"><input type=\"hidden\" name=\"page_url\" value=\"https:\/\/www.motokomerc.com\/index.php\/wp-json\/wp\/v2\/pages\/259\"><input type=\"hidden\" name=\"url_referer\" value=\"\"><button type=\"submit\" name=\"wpforms[submit]\" id=\"wpforms-submit-251\" class=\"wpforms-submit\" data-alt-text=\"Va\u0161i podaci \u0161alju se na Motokomerc sistem...\" data-submit-text=\"Evidentiraj ostavljene podatke\" aria-live=\"assertive\" value=\"wpforms-submit\">Evidentiraj ostavljene podatke<\/button><img loading=\"lazy\" decoding=\"async\" src=\"https:\/\/www.motokomerc.com\/wp-content\/plugins\/wpforms-lite\/assets\/images\/submit-spin.svg\" class=\"wpforms-submit-spinner\" style=\"display: none;\" width=\"26\" height=\"26\" alt=\"Loading\"><\/div><\/form><\/div>  <!-- .wpforms-container -->","protected":false},"excerpt":{"rendered":"","protected":false},"author":1,"featured_media":0,"parent":0,"menu_order":0,"comment_status":"closed","ping_status":"closed","template":"","meta":{"footnotes":""},"folder":[],"class_list":["post-259","page","type-page","status-publish","hentry"],"_links":{"self":[{"href":"https:\/\/www.motokomerc.com\/index.php\/wp-json\/wp\/v2\/pages\/259","targetHints":{"allow":["GET"]}}],"collection":[{"href":"https:\/\/www.motokomerc.com\/index.php\/wp-json\/wp\/v2\/pages"}],"about":[{"href":"https:\/\/www.motokomerc.com\/index.php\/wp-json\/wp\/v2\/types\/page"}],"author":[{"embeddable":true,"href":"https:\/\/www.motokomerc.com\/index.php\/wp-json\/wp\/v2\/users\/1"}],"replies":[{"embeddable":true,"href":"https:\/\/www.motokomerc.com\/index.php\/wp-json\/wp\/v2\/comments?post=259"}],"version-history":[{"count":0,"href":"https:\/\/www.motokomerc.com\/index.php\/wp-json\/wp\/v2\/pages\/259\/revisions"}],"wp:attachment":[{"href":"https:\/\/www.motokomerc.com\/index.php\/wp-json\/wp\/v2\/media?parent=259"}],"wp:term":[{"taxonomy":"folder","embeddable":true,"href":"https:\/\/www.motokomerc.com\/index.php\/wp-json\/wp\/v2\/folder?post=259"}],"curies":[{"name":"wp","href":"https:\/\/api.w.org\/{rel}","templated":true}]}}