{"id":477,"date":"2024-12-08T16:44:02","date_gmt":"2024-12-08T16:44:02","guid":{"rendered":"https:\/\/www.motokomerc.com\/?post_type=product&#038;p=477"},"modified":"2024-12-20T11:11:23","modified_gmt":"2024-12-20T11:11:23","slug":"pws-900","status":"publish","type":"product","link":"https:\/\/www.motokomerc.com\/index.php\/product\/pws-900\/","title":{"rendered":"PWS 900"},"content":{"rendered":"","protected":false},"excerpt":{"rendered":"<p>Ma\u0161ina za monta\u017eu i demonta\u017eu opruga ventila<\/p>\n","protected":false},"featured_media":478,"template":"","meta":[],"product_brand":[],"product_cat":[19],"product_tag":[],"class_list":{"0":"post-477","1":"product","2":"type-product","3":"status-publish","4":"has-post-thumbnail","6":"product_cat-motorna-grupa","8":"first","9":"instock","10":"taxable","11":"shipping-taxable","12":"product-type-simple"},"_links":{"self":[{"href":"https:\/\/www.motokomerc.com\/index.php\/wp-json\/wp\/v2\/product\/477","targetHints":{"allow":["GET"]}}],"collection":[{"href":"https:\/\/www.motokomerc.com\/index.php\/wp-json\/wp\/v2\/product"}],"about":[{"href":"https:\/\/www.motokomerc.com\/index.php\/wp-json\/wp\/v2\/types\/product"}],"wp:featuredmedia":[{"embeddable":true,"href":"https:\/\/www.motokomerc.com\/index.php\/wp-json\/wp\/v2\/media\/478"}],"wp:attachment":[{"href":"https:\/\/www.motokomerc.com\/index.php\/wp-json\/wp\/v2\/media?parent=477"}],"wp:term":[{"taxonomy":"product_brand","embeddable":true,"href":"https:\/\/www.motokomerc.com\/index.php\/wp-json\/wp\/v2\/product_brand?post=477"},{"taxonomy":"product_cat","embeddable":true,"href":"https:\/\/www.motokomerc.com\/index.php\/wp-json\/wp\/v2\/product_cat?post=477"},{"taxonomy":"product_tag","embeddable":true,"href":"https:\/\/www.motokomerc.com\/index.php\/wp-json\/wp\/v2\/product_tag?post=477"}],"curies":[{"name":"wp","href":"https:\/\/api.w.org\/{rel}","templated":true}]}}